{"id":340,"date":"2024-03-03T08:04:49","date_gmt":"2024-03-03T07:04:49","guid":{"rendered":"https:\/\/comprensivogrottammare.edu.it\/?page_id=340"},"modified":"2024-03-03T08:25:44","modified_gmt":"2024-03-03T07:25:44","slug":"misura-1-4-1-esperienza-del-cittadino-nei-servizi-pubblici-scuole","status":"publish","type":"page","link":"https:\/\/comprensivogrottammare.edu.it\/index.php\/pnrr-futura\/misura-1-4-1-esperienza-del-cittadino-nei-servizi-pubblici-scuole\/","title":{"rendered":"MISURA 1.4.1 \u201cESPERIENZA DEL CITTADINO NEI SERVIZI PUBBLICI\u201c SCUOLE"},"content":{"rendered":"<p>Il Piano nazionale di ripresa e resilienza (PNRR) ha l\u2019obiettivo di trasformare in profondit\u00e0 la Pubblica Amministrazione, attraverso una strategia di digitalizzazione attiva a pi\u00f9 livelli. La Missione 1 Componente 1 (M1C1), in particolare con il sub-investimento 1.4.1, ha come obiettivo di migliorare l\u2019esperienza dei cittadini nella fruizione di siti e servizi digitali, grazie all\u2019adozione di modelli standard che favoriscano accessibilit\u00e0, efficacia e inclusivit\u00e0, risultando in una maggiore equit\u00e0 per tutti i cittadini.<\/p>\n<p>Il Ministero dell\u2019istruzione e il Dipartimento per la trasformazione digitale hanno messo a punto un modello standard di sito web istituzionale per le scuole, in modo da offrire a genitori, studenti e all\u2019intera comunit\u00e0 scolastica un punto di accesso semplice e trasversale alle esigenze degli utenti, realizzato sulla base dei principi di progettazione user centred (costruito in base alle necessit\u00e0 degli utenti) e realizzato grazie alle risorse che compongono il design system del Paese, messo a disposizione tramite il progetto Designers Italia all\u2019indirizzo [<a href=\"https:\/\/designers.italia.it\/modello\/scuole\">https:\/designers.italia.it\/modello\/scuole<\/a>].<\/p>\n<p style=\"text-align: center;\"><a href=\"https:\/\/comprensivogrottammare.edu.it\/wp-content\/uploads\/2024\/03\/Allegato-2.pdf\">Allegato 2<\/a><\/p>\n<p style=\"text-align: center;\"><a href=\"https:\/\/comprensivogrottammare.edu.it\/wp-content\/uploads\/2024\/03\/Avviso-1.4.1-Scuole-2-1.pdf\">Avviso-1.4.1-Scuole-2-1<\/a><\/p>\n<p style=\"text-align: center;\"><a href=\"https:\/\/comprensivogrottammare.edu.it\/wp-content\/uploads\/2024\/03\/comunicazione-DS-progetto-Esperienza-del-cittadino-nei-servizi-pubblici_signed.pdf\">comunicazione-DS-progetto-Esperienza-del-cittadino-nei-servizi-pubblici_signed<\/a><\/p>\n<p style=\"text-align: center;\"><a href=\"https:\/\/comprensivogrottammare.edu.it\/wp-content\/uploads\/2024\/03\/isc-DETERMINA-sito_signed.pdf\">isc-DETERMINA-sito_signed<\/a><\/p>\n","protected":false},"excerpt":{"rendered":"<p>Il Piano nazionale di ripresa e resilienza (PNRR) ha l\u2019obiettivo di trasformare in profondit\u00e0 la Pubblica Amministrazione, attraverso una strategia di digitalizzazione attiva a pi\u00f9 livelli. La Missione 1 Componente 1 (M1C1), in particolare con il [&hellip;]<\/p>\n","protected":false},"author":2,"featured_media":0,"parent":182,"menu_order":0,"comment_status":"closed","ping_status":"closed","template":"","meta":{"footnotes":""},"tags":[],"_links":{"self":[{"href":"https:\/\/comprensivogrottammare.edu.it\/index.php\/wp-json\/wp\/v2\/pages\/340"}],"collection":[{"href":"https:\/\/comprensivogrottammare.edu.it\/index.php\/wp-json\/wp\/v2\/pages"}],"about":[{"href":"https:\/\/comprensivogrottammare.edu.it\/index.php\/wp-json\/wp\/v2\/types\/page"}],"author":[{"embeddable":true,"href":"https:\/\/comprensivogrottammare.edu.it\/index.php\/wp-json\/wp\/v2\/users\/2"}],"replies":[{"embeddable":true,"href":"https:\/\/comprensivogrottammare.edu.it\/index.php\/wp-json\/wp\/v2\/comments?post=340"}],"version-history":[{"count":1,"href":"https:\/\/comprensivogrottammare.edu.it\/index.php\/wp-json\/wp\/v2\/pages\/340\/revisions"}],"predecessor-version":[{"id":345,"href":"https:\/\/comprensivogrottammare.edu.it\/index.php\/wp-json\/wp\/v2\/pages\/340\/revisions\/345"}],"up":[{"embeddable":true,"href":"https:\/\/comprensivogrottammare.edu.it\/index.php\/wp-json\/wp\/v2\/pages\/182"}],"wp:attachment":[{"href":"https:\/\/comprensivogrottammare.edu.it\/index.php\/wp-json\/wp\/v2\/media?parent=340"}],"wp:term":[{"taxonomy":"post_tag","embeddable":true,"href":"https:\/\/comprensivogrottammare.edu.it\/index.php\/wp-json\/wp\/v2\/tags?post=340"}],"curies":[{"name":"wp","href":"https:\/\/api.w.org\/{rel}","templated":true}]}}