{"id":182,"date":"2023-10-24T15:56:51","date_gmt":"2023-10-24T13:56:51","guid":{"rendered":"https:\/\/comprensivogrottammare.edu.it\/?page_id=182"},"modified":"2024-11-26T08:46:37","modified_gmt":"2024-11-26T07:46:37","slug":"pnrr-futura","status":"publish","type":"page","link":"https:\/\/comprensivogrottammare.edu.it\/index.php\/pnrr-futura\/","title":{"rendered":"PNRR Futura"},"content":{"rendered":"<p><strong>Italia Domani<\/strong> \u00e8 il Piano Nazionale di Ripresa e Resilienza (<strong>PNRR<\/strong>) italiano, un\u00a0<strong>piano di trasformazione del Paese<\/strong>\u00a0che lascer\u00e0 una preziosa eredit\u00e0 alle generazioni future, dando vita a una crescita economica pi\u00f9 robusta, sostenibile e inclusiva.<\/p>\n<p><strong>6 riforme e 11 linee di investimento:<\/strong>\u00a0questo \u00e8 il programma di interventi previsti dal\u00a0<strong>PNRR Italia Domani<\/strong>\u00a0per la parte di competenza del\u00a0<strong>Ministero dell\u2019Istruzione<\/strong>.<br \/>\nIl programma alimenta\u00a0<strong>Futura &#8211; La scuola per l\u2019Italia di domani<\/strong>, cornice che collega le diverse azioni attivate grazie a risorse nazionali ed europee per una\u00a0<strong>scuola innovativa, sostenibile, sicura e inclusiva<\/strong>. L\u2019obiettivo \u00e8 realizzare un nuovo sistema educativo, per garantire il diritto allo studio, le competenze digitali e le capacit\u00e0 necessarie a cogliere le sfide del futuro, superando ogni tipo di disparit\u00e0 e contrastando dispersione scolastica, povert\u00e0 educativa e divari territoriali.<\/p>\n<p>Grazie a un\u00a0<strong>investimento complessivo pari a 17,59 miliardi<\/strong>, compresi i c.d. \u201cprogetti in essere\u201d, la scuola ha l\u2019occasione di poter svolgere davvero quel\u00a0<strong>ruolo educativo strategico<\/strong>\u00a0<strong>per la crescita del Paese<\/strong>. \u00c8 a scuola, infatti, che studentesse e studenti, accompagnati nel costruire competenze e acquisire abilit\u00e0, si preparano al futuro.<\/p>\n<p class=\"has-text-align-left\">Quella che si vuole realizzare grazie al PNRR, con Futura, \u00e8 una\u00a0<strong>scuola che forma cittadine e cittadini consapevoli<\/strong>, in grado di poter essere determinanti nei processi di transizione digitale ed ecologica dell\u2019Italia di domani.<\/p>\n<p>&nbsp;<\/p>\n<h2 class=\"has-text-align-center\"><strong>AVVISI E PROGETTI IN ATTO:<\/strong><\/h2>\n<p><a href=\"https:\/\/comprensivogrottammare.edu.it\/index.php\/misura-1-4-1-esperienza-del-cittadino-nei-servizi-pubblici-scuole\/\"><strong>MISURA 1.4.1 \u201cESPERIENZA DEL CITTADINO NEI SERVIZI PUBBLICI\u201c SCUOLE<\/strong><\/a><\/p>\n<p><strong><a href=\"https:\/\/comprensivogrottammare.edu.it\/index.php\/scuole-4-0-nuove-aule-didattiche-e-laboratori\/\">SCUOLE 4.0 &#8211; NUOVE AULE DIDATTICHE E LABORATORI<\/a><\/strong><\/p>\n<p><strong><a href=\"https:\/\/comprensivogrottammare.edu.it\/index.php\/azioni-di-coinvolgimento-degli-animatori-digitali\/\">AZIONI DI COINVOLGIMENTO DEGLI ANIMATORI DIGITALI<\/a><\/strong><\/p>\n<p><strong><a href=\"https:\/\/comprensivogrottammare.edu.it\/index.php\/investimento-3-1-nuove-competenze-e-nuovi-linguaggi-azioni-di-potenziamento-delle-competenze-stem-e-multilinguistiche-d-m-65-2023\/\">INVESTIMENTO 3.1 &#8211; POTENZIAMENTO COMPETENZE STEM E MULTILINGUISTICHE<\/a><\/strong><\/p>\n<p><strong><a href=\"https:\/\/comprensivogrottammare.edu.it\/index.php\/investimento-2-1-didattica-digitale-integrata-e-formazione-alla-transizione-digitale-del-personale-scolastico\/\">INVESTIMENTO 2.1 &#8211; FORMAZIONE ALLA TRANSIZIONE DIGITALE PERSONALE SCOLASTICO<\/a><\/strong><\/p>\n<p><a href=\"https:\/\/comprensivogrottammare.edu.it\/index.php\/pnrr-futura\/investimento-1-4-intervento-straordinario-finalizzato-alla-riduzione-dei-divari-territoriali-nelle-scuole-secondarie-di-primo-e-di-secondo-grado-e-alla-lotta-alla-dispersione-scolastica\/\"><strong>INVESTIMENTO 1.4 &#8211; RIDUZIONE DEI DIVARI TERRITORIALI E LOTTA ALLA DISPERSIONE SCOLASTICA<\/strong><\/a><\/p>\n","protected":false},"excerpt":{"rendered":"<p>Italia Domani \u00e8 il Piano Nazionale di Ripresa e Resilienza (PNRR) italiano, un\u00a0piano di trasformazione del Paese\u00a0che lascer\u00e0 una preziosa eredit\u00e0 alle generazioni future, dando vita a una crescita economica pi\u00f9 robusta, sostenibile e inclusiva. 6 [&hellip;]<\/p>\n","protected":false},"author":2,"featured_media":181,"parent":0,"menu_order":0,"comment_status":"closed","ping_status":"closed","template":"","meta":{"footnotes":""},"tags":[],"_links":{"self":[{"href":"https:\/\/comprensivogrottammare.edu.it\/index.php\/wp-json\/wp\/v2\/pages\/182"}],"collection":[{"href":"https:\/\/comprensivogrottammare.edu.it\/index.php\/wp-json\/wp\/v2\/pages"}],"about":[{"href":"https:\/\/comprensivogrottammare.edu.it\/index.php\/wp-json\/wp\/v2\/types\/page"}],"author":[{"embeddable":true,"href":"https:\/\/comprensivogrottammare.edu.it\/index.php\/wp-json\/wp\/v2\/users\/2"}],"replies":[{"embeddable":true,"href":"https:\/\/comprensivogrottammare.edu.it\/index.php\/wp-json\/wp\/v2\/comments?post=182"}],"version-history":[{"count":9,"href":"https:\/\/comprensivogrottammare.edu.it\/index.php\/wp-json\/wp\/v2\/pages\/182\/revisions"}],"predecessor-version":[{"id":594,"href":"https:\/\/comprensivogrottammare.edu.it\/index.php\/wp-json\/wp\/v2\/pages\/182\/revisions\/594"}],"wp:featuredmedia":[{"embeddable":true,"href":"https:\/\/comprensivogrottammare.edu.it\/index.php\/wp-json\/wp\/v2\/media\/181"}],"wp:attachment":[{"href":"https:\/\/comprensivogrottammare.edu.it\/index.php\/wp-json\/wp\/v2\/media?parent=182"}],"wp:term":[{"taxonomy":"post_tag","embeddable":true,"href":"https:\/\/comprensivogrottammare.edu.it\/index.php\/wp-json\/wp\/v2\/tags?post=182"}],"curies":[{"name":"wp","href":"https:\/\/api.w.org\/{rel}","templated":true}]}}