{"id":166,"date":"2023-10-24T09:43:34","date_gmt":"2023-10-24T07:43:34","guid":{"rendered":"https:\/\/comprensivogrottammare.edu.it\/?page_id=166"},"modified":"2023-10-27T08:41:24","modified_gmt":"2023-10-27T06:41:24","slug":"privacy-policy-2","status":"publish","type":"page","link":"https:\/\/comprensivogrottammare.edu.it\/index.php\/privacy-policy-2\/","title":{"rendered":"Privacy Policy"},"content":{"rendered":"<p>Gentile Studente, Genitore, Tutore, Fornitore, Dipendente,<\/p>\n<p>il 25 maggio 2018 \u00e8 entrato in vigore il nuovo Regolamento Europeo (UE) 2016\/679 (GDPR) che definisce le regole di protezione dei dati personali.<\/p>\n<p>L\u2019informativa \u00e8 lo strumento che utilizziamo per fornirvi tutte le informazioni utili a comprendere chi, quando, dove, come e perch\u00e9 tratta e conserva i Vostri dati personali. Una misura di dovuta trasparenza che Vi permetter\u00e0 di esercitare pienamente i diritti previsti dal Regolamento.<\/p>\n<p>In caso di dubbi, quesiti o problemi Vi preghiamo di contattare direttamente il Titolare o il Responsabile della Protezione dei Dati (RPD\/DPO), utilizzando i dati o il form presenti al seguente indirizzo:<\/p>\n<p><a href=\"https:\/\/manager.gdpr-pa.it\/gdpr\/ICLeopardiGrottammare\/italiano\">Policy GDPR &#8211; Istituto Comprensivo Statale G.Leopardi Grottammare<\/a><\/p>\n<p>Di seguito la guida e il regolamento in materia di protezione di dati:<\/p>\n<p><a href=\"https:\/\/comprensivogrottammare.edu.it\/wp-content\/uploads\/2023\/10\/Informativa-.verifica-requisiti-DL-07_01_2022.pdf\">Informativa Privacy<\/a><\/p>\n<p><a href=\"http:\/\/www.garanteprivacy.it\/web\/guest\/regolamentoue\/guida-all-applicazione-del-regolamento-europeo-in-materia-di-protezione-dei-dati-personali\">Guida all applicazione del regolamento europeo in materia di protezione dei dati personali<\/a><\/p>\n<p><a href=\"http:\/\/www.garanteprivacy.it\/web\/guest\/home\/docweb\/-\/docweb-display\/docweb\/5187723\">Guida al nuovo Regolamento europeo in materia di protezione dati<\/a><\/p>\n<p>&nbsp;<\/p>\n","protected":false},"excerpt":{"rendered":"<p>Gentile Studente, Genitore, Tutore, Fornitore, Dipendente, il 25 maggio 2018 \u00e8 entrato in vigore il nuovo Regolamento Europeo (UE) 2016\/679 (GDPR) che definisce le regole di protezione dei dati personali. L\u2019informativa \u00e8 lo strumento che utilizziamo [&hellip;]<\/p>\n","protected":false},"author":2,"featured_media":0,"parent":0,"menu_order":0,"comment_status":"closed","ping_status":"closed","template":"","meta":{"footnotes":""},"tags":[],"_links":{"self":[{"href":"https:\/\/comprensivogrottammare.edu.it\/index.php\/wp-json\/wp\/v2\/pages\/166"}],"collection":[{"href":"https:\/\/comprensivogrottammare.edu.it\/index.php\/wp-json\/wp\/v2\/pages"}],"about":[{"href":"https:\/\/comprensivogrottammare.edu.it\/index.php\/wp-json\/wp\/v2\/types\/page"}],"author":[{"embeddable":true,"href":"https:\/\/comprensivogrottammare.edu.it\/index.php\/wp-json\/wp\/v2\/users\/2"}],"replies":[{"embeddable":true,"href":"https:\/\/comprensivogrottammare.edu.it\/index.php\/wp-json\/wp\/v2\/comments?post=166"}],"version-history":[{"count":3,"href":"https:\/\/comprensivogrottammare.edu.it\/index.php\/wp-json\/wp\/v2\/pages\/166\/revisions"}],"predecessor-version":[{"id":187,"href":"https:\/\/comprensivogrottammare.edu.it\/index.php\/wp-json\/wp\/v2\/pages\/166\/revisions\/187"}],"wp:attachment":[{"href":"https:\/\/comprensivogrottammare.edu.it\/index.php\/wp-json\/wp\/v2\/media?parent=166"}],"wp:term":[{"taxonomy":"post_tag","embeddable":true,"href":"https:\/\/comprensivogrottammare.edu.it\/index.php\/wp-json\/wp\/v2\/tags?post=166"}],"curies":[{"name":"wp","href":"https:\/\/api.w.org\/{rel}","templated":true}]}}